{"id":15,"date":"2019-11-12T13:11:45","date_gmt":"2019-11-12T13:11:45","guid":{"rendered":"http:\/\/bozyogrod.pl\/?page_id=15"},"modified":"2025-10-13T20:25:48","modified_gmt":"2025-10-13T20:25:48","slug":"zgloszenie","status":"publish","type":"page","link":"https:\/\/bozyogrod.eu\/?page_id=15","title":{"rendered":"Zg\u0142oszenie Tyniec 2026 (7-dniowe)"},"content":{"rendered":"\n<h3 class=\"wp-block-heading\">Ewangelickie rekolekcje w ciszy &#8211; <em>Zaczynam rok z Bogiem<\/em><\/h3>\n\n\n\n<p><\/p>\n\n\n\n<p><strong>Termin<\/strong>: <strong>1-7.01.2026<\/strong> (pocz\u0105tek o <strong>godz. 16.00<\/strong>, zako\u0144czenie <strong>ok. 13:00<\/strong>)<\/p>\n\n\n\n<p><strong>Miejsce<\/strong>: Opactwo Benedyktyn\u00f3w w Ty\u0144cu (<a rel=\"noreferrer noopener\" aria-label=\"strona Opactwa (otwiera si\u0119 na nowej zak\u0142adce)\" href=\"http:\/\/opactwotynieckie.pl\/\" target=\"_blank\">strona Opactwa<\/a>)<\/p>\n\n\n\n<p><strong>Adresaci<\/strong>: Ewangelickie rekolekcje w ciszy to forma rekolekcji skierowana w pierwszym rz\u0119dzie do ewangelik\u00f3w, ale otwarta tak\u017ce na chrze\u015bcijan innych wyzna\u0144. Jedyn\u0105 trudno\u015b\u0107 dla nie-ewangelik\u00f3w mo\u017ce stanowi\u0107 codzienne \u015bwi\u0119towanie Wieczerzy Pa\u0144skiej, ale to wymaga indywidualnego rozpatrzenia sytuacji i nie wyklucza udzia\u0142u w rekolekcjach.<\/p>\n\n\n\n<p><strong>Koszt<\/strong>:<strong> 500 z\u0142<\/strong> op\u0142aty rekolekcyjnej + koszta pobytu (noclegi i wy\u017cywienie)<\/p>\n\n\n\n<p><strong>Koszta pobytu<\/strong>: pok\u00f3j jednoosobowy bez \u0142azienki z pe\u0142nym wy\u017cywieniem &#8211; <strong>990 z\u0142<\/strong>, pok\u00f3j jednoosobowy z \u0142azienk\u0105 z pe\u0142nym wy\u017cywieniem &#8211; <strong>1470 z\u0142<\/strong> (<a aria-label=\" (otwiera si\u0119 na nowej zak\u0142adce)\" href=\"http:\/\/domgosci.benedyktyni.com\/pokoje\/\" target=\"_blank\" rel=\"noreferrer noopener\">opis pokoi<\/a>). W przypadku trudno\u015bci finansowych prosz\u0119 napisa\u0107 o tym w zg\u0142oszeniu (z kr\u00f3tkim uzasadnieniem), postaramy si\u0119 poszuka\u0107 jakiego\u015b rozwi\u0105zania, aby wyj\u015b\u0107 naprzeciw sytuacji.<\/p>\n\n\n\n<p><strong>Zg\u0142oszenie<\/strong>:<br> na adres e-mail: <strong>rekolekcje[ma\u0142pa]bozyogrod.pl<\/strong><br> maksymalna liczba uczestnik\u00f3w to siedem os\u00f3b, w przypadku du\u017cej liczby zg\u0142osze\u0144 bior\u0119 pod uwag\u0119 kolejno\u015b\u0107 zg\u0142osze\u0144 i priorytet dla os\u00f3b, kt\u00f3re zg\u0142aszaj\u0105 si\u0119 po raz pierwszy na rekolekcje. Ze wzgl\u0119du na spore zainteresowanie rekolekcjami w ciszy zdecydowa\u0142em, \u017ce w roku 2023 zaoferuj\u0119 kolejne miejsce i termin rekolekcji opr\u00f3cz styczniowego terminu w Ty\u0144cu, natomiast wzgl\u0119dy osobiste nie pozwoli\u0142y na razie zrelizowa\u0107 tego zamierzenia.<\/p>\n\n\n\n<p><strong>W zg\u0142oszeniu nale\u017cy poda\u0107<\/strong>: preferowany typ pokoju, dane kontaktowe (imi\u0119, nazwisko, nr telefonu) oraz napisa\u0107 szersze uzasadnienie ch\u0119ci i motywacji do wzi\u0119cia udzia\u0142u w rekolekcjach. Prosz\u0119 o napisanie kilku akapit\u00f3w, a nie dw\u00f3ch lakonicznych zda\u0144 &#8211; podane informacje traktuj\u0119 jako poufne. Nast\u0119pnie prowadz\u0105cy um\u00f3wi si\u0119 na spotkanie wst\u0119pne lub rozmow\u0119 telefoniczn\u0105. Po spotkaniu\/rozmowie do trzech dni zostanie udzielona odpowied\u017a co do przyj\u0119cia na rekolekcje (procedura wynika z nieprzyjemnych do\u015bwiadcze\u0144 z uprzednimi zg\u0142oszeniami). Przebywanie przez tydzie\u0144 w ciszy to bardzo intensywne i wymagaj\u0105ce \u0107wiczenie duchowe, kt\u00f3re w niekt\u00f3rych sytuacjach \u017cyciowych lub stanach psychicznych nie jest wskazane. Prowadz\u0105cy odpowiada za stworzenie odpowiednich warunk\u00f3w do przebywania w ciszy i za to, \u017ceby ten czas pomaga\u0142 cz\u0142owiekowi i otwiera\u0142 go, a nie szkodzi\u0142 mu i zamyka\u0142 go.<\/p>\n\n\n\n<p>Po przyj\u0119ciu na rekolekcje nale\u017cy wnie\u015b\u0107 op\u0142at\u0119 rekolekcyjn\u0105 przelewem (formalno\u015bci obs\u0142uguje firma Fotoarteo), natomiast p\u0142atno\u015b\u0107 za nocleg i wy\u017cywienie uiszcza si\u0119 po przyje\u017adzie na rekolekcje w Domu Go\u015bci Opactwa.<\/p>\n\n\n\n<p><\/p>\n\n\n\n<p><\/p>\n\n\n\n<p><\/p>\n\n\n\n<p><\/p>\n","protected":false},"excerpt":{"rendered":"<p>Ewangelickie rekolekcje w ciszy &#8211; Zaczynam rok z Bogiem Termin: 1-7.01.2026 (pocz\u0105tek o godz. 16.00, zako\u0144czenie ok. 13:00) Miejsce: Opactwo Benedyktyn\u00f3w w Ty\u0144cu (strona Opactwa) Adresaci: Ewangelickie rekolekcje w ciszy to forma rekolekcji skierowana w pierwszym &hellip;<\/p>\n","protected":false},"author":1,"featured_media":77,"parent":17,"menu_order":5,"comment_status":"closed","ping_status":"closed","template":"","meta":{"footnotes":""},"class_list":["post-15","page","type-page","status-publish","has-post-thumbnail","hentry"],"_links":{"self":[{"href":"https:\/\/bozyogrod.eu\/index.php?rest_route=\/wp\/v2\/pages\/15","targetHints":{"allow":["GET"]}}],"collection":[{"href":"https:\/\/bozyogrod.eu\/index.php?rest_route=\/wp\/v2\/pages"}],"about":[{"href":"https:\/\/bozyogrod.eu\/index.php?rest_route=\/wp\/v2\/types\/page"}],"author":[{"embeddable":true,"href":"https:\/\/bozyogrod.eu\/index.php?rest_route=\/wp\/v2\/users\/1"}],"replies":[{"embeddable":true,"href":"https:\/\/bozyogrod.eu\/index.php?rest_route=%2Fwp%2Fv2%2Fcomments&post=15"}],"version-history":[{"count":31,"href":"https:\/\/bozyogrod.eu\/index.php?rest_route=\/wp\/v2\/pages\/15\/revisions"}],"predecessor-version":[{"id":333,"href":"https:\/\/bozyogrod.eu\/index.php?rest_route=\/wp\/v2\/pages\/15\/revisions\/333"}],"up":[{"embeddable":true,"href":"https:\/\/bozyogrod.eu\/index.php?rest_route=\/wp\/v2\/pages\/17"}],"wp:featuredmedia":[{"embeddable":true,"href":"https:\/\/bozyogrod.eu\/index.php?rest_route=\/wp\/v2\/media\/77"}],"wp:attachment":[{"href":"https:\/\/bozyogrod.eu\/index.php?rest_route=%2Fwp%2Fv2%2Fmedia&parent=15"}],"curies":[{"name":"wp","href":"https:\/\/api.w.org\/{rel}","templated":true}]}}