{"id":17,"date":"2019-11-12T13:13:24","date_gmt":"2019-11-12T13:13:24","guid":{"rendered":"http:\/\/bozyogrod.pl\/?page_id=17"},"modified":"2025-10-13T20:32:45","modified_gmt":"2025-10-13T20:32:45","slug":"prowadzacy","status":"publish","type":"page","link":"https:\/\/bozyogrod.eu\/?page_id=17","title":{"rendered":"Rekolekcje w ciszy"},"content":{"rendered":"\n<h3 class=\"wp-block-heading\">Ewangelickie rekolekcje w ciszy &#8211; <em>Zaczynam rok z Bogiem<\/em><\/h3>\n\n\n\n<p>Zapraszam serdecznie do wzi\u0119cia udzia\u0142u w Ewangelickich rekolekcjach w ciszy. Siedem dni w milczeniu, kt\u00f3re maj\u0105 prowadzi\u0107 do pog\u0142\u0119bionej modlitwy, do prze\u017cywania obecno\u015bci Boga w przyrodzie, S\u0142owie, Wieczerzy Pa\u0144skiej i odkrywania Jego drogi w swoim \u017cyciu. Ten czas to szukanie spotkania z Bogiem w Jego Ogrodzie, bo przestrzeni\u0105 jest Biblia, a cisza pomoc\u0105 w \u015bwiecie, kt\u00f3ry bombarduje nas bod\u017acami, informacjami i aktywno\u015bciami.<\/p>\n\n\n\n<figure class=\"wp-block-image\"><img loading=\"lazy\" decoding=\"async\" width=\"1024\" height=\"683\" src=\"https:\/\/bozyogrod.eu\/wp-content\/uploads\/2019\/11\/tyniec-1024x683.jpg\" alt=\"\" class=\"wp-image-12\" srcset=\"https:\/\/bozyogrod.eu\/wp-content\/uploads\/2019\/11\/tyniec-1024x683.jpg 1024w, https:\/\/bozyogrod.eu\/wp-content\/uploads\/2019\/11\/tyniec-300x200.jpg 300w, https:\/\/bozyogrod.eu\/wp-content\/uploads\/2019\/11\/tyniec-768x512.jpg 768w, https:\/\/bozyogrod.eu\/wp-content\/uploads\/2019\/11\/tyniec.jpg 1920w\" sizes=\"auto, (max-width: 1024px) 100vw, 1024px\" \/><figcaption class=\"wp-element-caption\">Opactwo Benedyktyn\u00f3w w Ty\u0144cu<\/figcaption><\/figure>\n\n\n\n<h3 class=\"wp-block-heading\">Cisza<\/h3>\n\n\n\n<p>Cisza ma r\u00f3\u017cne oblicza. Rekolekcje w ciszy to nie w pierwszym rz\u0119dzie milczenie, ale s\u0142uchanie. S\u0142uchanie tego, co m\u00f3wi mi moje, cz\u0119sto przem\u0119czone i wyeksploatowane, cia\u0142o. S\u0142uchanie tego, co m\u00f3wi\u0105 mi moje, cz\u0119sto na co dzie\u0144 t\u0142umione, uczucia. S\u0142uchanie tego, co m\u00f3wi do mnie B\u00f3g, a ja cz\u0119sto nie s\u0142ysz\u0119 tego, bo tak jestem zaprz\u0105tni\u0119ty codzienno\u015bci\u0105.<\/p>\n\n\n\n<p>Prowadz\u0105cy towarzyszy przebywaj\u0105cym w ciszy. Dba o to, \u017ceby przestrze\u0144, rytm dnia i wsp\u00f3lne spotkania wspiera\u0142y wchodzenie w intensywn\u0105 rozmow\u0119 z Bogiem i z samym sob\u0105. Ka\u017cdy uczestnik jest odpowiedzialny za utrzymywanie swojej przestrzeni ciszy i \u0107wiczenie si\u0119 w s\u0142uchaniu.<\/p>\n\n\n\n<p>Samo wyj\u015bcie z tak wielu r\u00f3l zawodowych, rodzinnych, spo\u0142ecznych, kt\u00f3re na co dzie\u0144 maj\u0105 decyduj\u0105ce znaczenie, konfrontuje z pytaniem o to, kim jestem, a konkretniej &#8211; kim jestem przed Bogiem, gdzie duchowo si\u0119 znajduj\u0119.<\/p>\n\n\n\n<h3 class=\"wp-block-heading\">Przebieg dnia<\/h3>\n\n\n\n<p>Rekolekcje sk\u0142adaj\u0105 si\u0119 z pi\u0119ciu ca\u0142ych dni oraz dnia wprowadzaj\u0105cego i ko\u0144cz\u0105cego rekolekcje. Ka\u017cdego dnia jest przestrze\u0144 na kontakt z przyrod\u0105, du\u017co czasu na w\u0142asn\u0105 medytacj\u0119 tekst\u00f3w biblijnych, porann\u0105 modlitw\u0119, \u0107wiczenia cia\u0142a, rozmow\u0119 z przewodnikiem, wieczorne impulsy do duchowych \u0107wicze\u0144 oraz na Wieczerz\u0119 Pa\u0144sk\u0105. Wa\u017cn\u0105 rol\u0119 odgrywa ewangelicka wolno\u015b\u0107 w poszukiwaniu form, sposob\u00f3w i \u015brodk\u00f3w, kt\u00f3re b\u0119d\u0105 pomocne w wej\u015bciu w prze\u017cywanie Bo\u017cej obecno\u015bci, w s\u0142uchaniu i byciu otwartym na to, co mo\u017ce si\u0119 wydarzy\u0107.<\/p>\n\n\n\n<h3 class=\"wp-block-heading\">Temat rekolekcji<\/h3>\n\n\n\n<p>Pierwsze dni stycznia wi\u0105\u017c\u0105 si\u0119 z momentem przej\u015bcia do nowego roku. Rozpocz\u0119cie roku od czasu pog\u0142\u0119bionej modlitwy, wyciszenia i ws\u0142uchania w S\u0142owo Bo\u017ce ma by\u0107 pomoc\u0105 w odnalezieniu siebie na drodze duchowego \u017cycia albo nowym etapem w \u017cyciu z Bogiem. Stanowi tak\u017ce alternatyw\u0119 dla tradycyjnych postanowie\u0144 noworocznych, pragnie\u0144 i \u017cycze\u0144, kt\u00f3re szybko rozbijaj\u0105 si\u0119 o codzienno\u015b\u0107. Ws\u0142uchanie si\u0119 w siebie w ciszy i Bo\u017cej obecno\u015bci pozwala lepiej rozpozna\u0107 co si\u0119 we mnie dzieje i czego tak naprawd\u0119 potrzebuj\u0119.<\/p>\n\n\n\n<p>Zg\u0142oszenie na rekolekcje w ciszy w 2026 roku w Ty\u0144cu &#8211; <a href=\"https:\/\/bozyogrod.eu\/?page_id=15\">tutaj<\/a>.<\/p>\n","protected":false},"excerpt":{"rendered":"<p>Ewangelickie rekolekcje w ciszy &#8211; Zaczynam rok z Bogiem Zapraszam serdecznie do wzi\u0119cia udzia\u0142u w Ewangelickich rekolekcjach w ciszy. Siedem dni w milczeniu, kt\u00f3re maj\u0105 prowadzi\u0107 do pog\u0142\u0119bionej modlitwy, do prze\u017cywania obecno\u015bci Boga w przyrodzie, S\u0142owie, &hellip;<\/p>\n","protected":false},"author":1,"featured_media":0,"parent":0,"menu_order":2,"comment_status":"closed","ping_status":"closed","template":"","meta":{"footnotes":""},"class_list":["post-17","page","type-page","status-publish","hentry"],"_links":{"self":[{"href":"https:\/\/bozyogrod.eu\/index.php?rest_route=\/wp\/v2\/pages\/17","targetHints":{"allow":["GET"]}}],"collection":[{"href":"https:\/\/bozyogrod.eu\/index.php?rest_route=\/wp\/v2\/pages"}],"about":[{"href":"https:\/\/bozyogrod.eu\/index.php?rest_route=\/wp\/v2\/types\/page"}],"author":[{"embeddable":true,"href":"https:\/\/bozyogrod.eu\/index.php?rest_route=\/wp\/v2\/users\/1"}],"replies":[{"embeddable":true,"href":"https:\/\/bozyogrod.eu\/index.php?rest_route=%2Fwp%2Fv2%2Fcomments&post=17"}],"version-history":[{"count":15,"href":"https:\/\/bozyogrod.eu\/index.php?rest_route=\/wp\/v2\/pages\/17\/revisions"}],"predecessor-version":[{"id":334,"href":"https:\/\/bozyogrod.eu\/index.php?rest_route=\/wp\/v2\/pages\/17\/revisions\/334"}],"wp:attachment":[{"href":"https:\/\/bozyogrod.eu\/index.php?rest_route=%2Fwp%2Fv2%2Fmedia&parent=17"}],"curies":[{"name":"wp","href":"https:\/\/api.w.org\/{rel}","templated":true}]}}