{"id":2,"date":"2019-11-08T01:35:33","date_gmt":"2019-11-08T01:35:33","guid":{"rendered":"http:\/\/bozyogrod.pl\/?page_id=2"},"modified":"2025-11-02T21:12:54","modified_gmt":"2025-11-02T21:12:54","slug":"sample-page","status":"publish","type":"page","link":"https:\/\/bozyogrod.eu\/?page_id=2","title":{"rendered":"Czym jest Bo\u017cy Ogr\u00f3d?"},"content":{"rendered":"\n<h3 class=\"wp-block-heading\">Tu chodzi o \u017cycie!<\/h3>\n\n\n\n<p>Jedn\u0105 z pierwszych historii na kartach Biblii jest opowie\u015b\u0107 o ogrodzie Eden, miejscu, w kt\u00f3rym pierwsi ludzie mogli prze\u017cywa\u0107 obecno\u015b\u0107 Boga w bezpo\u015bredni spos\u00f3b. Dalszy tok historii m\u00f3wi jednak o od\u0142\u0105czeniu, upadku, coraz wi\u0119kszym oddaleniu cz\u0142owieka od Boga. Boga, kt\u00f3ry jest \u017ar\u00f3d\u0142em \u017cycia. Nowy Testament t\u0119tni przes\u0142aniem o tym, \u017ce sam B\u00f3g w osobie Jezusa Chrystusa da\u0142 do siebie dost\u0119p, wyszed\u0142 nam na spotkanie i zaprosi\u0142 do prze\u017cywania z Nim \u017cycia.<\/p>\n\n\n\n<h3 class=\"wp-block-heading has-text-align-left\">Spotkanie<\/h3>\n\n\n\n<p>Bo\u017cy ogr\u00f3d to obraz, kt\u00f3ry zaprasza do prze\u017cywania spotkania z Bogiem. Biblia jest przede wszystkim przestrzeni\u0105 spotkania z Bogiem, spotkania z Jezusem, a nie zbiorem tekst\u00f3w do pami\u0119ciowego opanowania, do poznania i zrozumienia intelektualnego, do dyskusji z biblijnych argumentami, do analizy historyczno-filologicznej i in. Te wszystkie sposoby lektury maj\u0105 swoje miejsce, ale je\u015bli nie prowadz\u0105 do spotkania \u017bywego Boga, do odkrywania obecno\u015bci Zmartwychwsta\u0142ego Jezusa Chrystusa w swoim \u017cyciu, to prowadz\u0105 na duchow\u0105 pustyni\u0119, gdzie cz\u0142owiek wewn\u0119trznie obumiera. W Ewangelii Jana mo\u017cna znale\u017a\u0107 s\u0142owa Jezusa, kt\u00f3re przestrzegaj\u0105 przed takim czytaniem Pisma \u015awi\u0119tego, kt\u00f3re nie prowadzi do odkrywania \u017cycia w Bogu:<\/p>\n\n\n\n<blockquote class=\"wp-block-quote is-layout-flow wp-block-quote-is-layout-flow\">\n<p><em>Zg\u0142\u0119biacie Pisma, gdy\u017c uwa\u017cacie, \u017ce dzi\u0119ki nim b\u0119dziecie mie\u0107 \u017cycie wieczne. <\/em><\/p>\n\n\n\n<p><em>One w\u0142a\u015bnie \u015bwiadcz\u0105 o Mnie. <\/em><\/p>\n\n\n\n<p><em>Mimo to nie chcecie zbli\u017cy\u0107 si\u0119 do Mnie, aby mie\u0107 \u017cycie.<\/em><\/p>\n<cite>Ewangelia Jana 5:39-40 (t\u0142um. Edycji \u015awi\u0119tego Paw\u0142a)<\/cite><\/blockquote>\n\n\n\n<h3 class=\"wp-block-heading\">Metoda i praktyka<\/h3>\n\n\n\n<p>Bo\u017cy ogr\u00f3d to tak\u017ce pewna metoda i praktyka takiego korzystania z Biblii, aby prowadzi\u0142o ono do spotkania Boga w modlitwie i prze\u017cywania Jego obecno\u015bci w swoim \u017cyciu. Do trzymania si\u0119 Bo\u017cych obietnic. Do p\u00f3j\u015bcia radykaln\u0105 drog\u0105 codziennego nawracania si\u0119 do Boga, zwracania si\u0119 w Jego stron\u0119. Wymaga to pewnej dyscypliny, wej\u015bcia w cisz\u0119, wydzielenia czasu i przestrzeni po to, \u017ceby otworzy\u0107 si\u0119 na to, co B\u00f3g mi przekazuje. Oczywi\u015bcie B\u00f3g m\u00f3wi do nas tak\u017ce przez przyrod\u0119, przez do\u015bwiadczenia z innymi lud\u017ami, przez sam fakt naszego istnienia, ale bez Pisma jako przewodnika i Jezusa jako drogi do Boga, nie rozpoznamy Jego g\u0142osu.<\/p>\n\n\n\n<h3 class=\"wp-block-heading\">Program rekolekcji<\/h3>\n\n\n\n<p>Bo\u017cy ogr\u00f3d to tak\u017ce pewien program rekolekcji, opartych na centralnym znaczeniu Ewangelii o Jezusie Chrystusie, ewangelickiej tradycji i dobrych praktykach z historii Ko\u015bcio\u0142a powszechnego. Przeprowadzam je w r\u00f3\u017cnych formach i terminach &#8211; stopniowo oferta rekolekcji b\u0119dzie rozbudowywana. Wi\u0119cej w zak\u0142adce <a href=\"https:\/\/bozyogrod.eu\/?page_id=17\">Rekolekcje w ciszy<\/a>.<\/p>\n\n\n\n<p><\/p>\n","protected":false},"excerpt":{"rendered":"<p>Tu chodzi o \u017cycie! Jedn\u0105 z pierwszych historii na kartach Biblii jest opowie\u015b\u0107 o ogrodzie Eden, miejscu, w kt\u00f3rym pierwsi ludzie mogli prze\u017cywa\u0107 obecno\u015b\u0107 Boga w bezpo\u015bredni spos\u00f3b. Dalszy tok historii m\u00f3wi jednak o od\u0142\u0105czeniu, upadku, &hellip;<\/p>\n","protected":false},"author":1,"featured_media":7,"parent":0,"menu_order":1,"comment_status":"closed","ping_status":"closed","template":"","meta":{"footnotes":""},"class_list":["post-2","page","type-page","status-publish","has-post-thumbnail","hentry"],"_links":{"self":[{"href":"https:\/\/bozyogrod.eu\/index.php?rest_route=\/wp\/v2\/pages\/2","targetHints":{"allow":["GET"]}}],"collection":[{"href":"https:\/\/bozyogrod.eu\/index.php?rest_route=\/wp\/v2\/pages"}],"about":[{"href":"https:\/\/bozyogrod.eu\/index.php?rest_route=\/wp\/v2\/types\/page"}],"author":[{"embeddable":true,"href":"https:\/\/bozyogrod.eu\/index.php?rest_route=\/wp\/v2\/users\/1"}],"replies":[{"embeddable":true,"href":"https:\/\/bozyogrod.eu\/index.php?rest_route=%2Fwp%2Fv2%2Fcomments&post=2"}],"version-history":[{"count":22,"href":"https:\/\/bozyogrod.eu\/index.php?rest_route=\/wp\/v2\/pages\/2\/revisions"}],"predecessor-version":[{"id":336,"href":"https:\/\/bozyogrod.eu\/index.php?rest_route=\/wp\/v2\/pages\/2\/revisions\/336"}],"wp:featuredmedia":[{"embeddable":true,"href":"https:\/\/bozyogrod.eu\/index.php?rest_route=\/wp\/v2\/media\/7"}],"wp:attachment":[{"href":"https:\/\/bozyogrod.eu\/index.php?rest_route=%2Fwp%2Fv2%2Fmedia&parent=2"}],"curies":[{"name":"wp","href":"https:\/\/api.w.org\/{rel}","templated":true}]}}